{"id":3,"date":"2023-03-18T06:38:16","date_gmt":"2023-03-18T06:38:16","guid":{"rendered":"https:\/\/zemgalesbuvserviss.lv\/?page_id=3"},"modified":"2025-11-07T15:48:29","modified_gmt":"2025-11-07T13:48:29","slug":"privatuma-politika","status":"publish","type":"page","link":"https:\/\/zemgalesbuvserviss.lv\/index.php\/privatuma-politika\/","title":{"rendered":"<strong>Priv\u0101tuma politika<\/strong>"},"content":{"rendered":"\n<p>\u0160aj\u0101 priv\u0101tuma politik\u0101 (\u201c<strong>Priv\u0101tuma politika<\/strong>\u201d) ir aprakst\u012bts, k\u0101 <strong>https:\/\/zemgalesbuvserviss.lv\/<\/strong> (SIA \u201cZemgales b\u016bvserviss\u201d, \u201c<strong>m\u0113s<\/strong>\u201d) apstr\u0101d\u0101 personas datus saist\u012bb\u0101 ar t\u012bmek\u013ca vietnes izmanto\u0161anu un pakalpojumu snieg\u0161anu, k\u0101 ar\u012b taj\u0101 nor\u0101d\u012btas datu subjektiem pieejam\u0101s ties\u012bbas. SIA \u201cZemgales b\u016bvserviss\u201d k\u0101 p\u0101rzinis apstr\u0101d\u0101s sa\u0146emtos personas datus tikai \u0161aj\u0101 priv\u0101tuma politik\u0101 noteiktajiem nol\u016bkiem un noteiktajos veidos.&nbsp;<\/p>\n\n\n\n<p>Zem\u0101k j\u016bs varat atrast detaliz\u0113tu inform\u0101ciju par to, k\u0101da veida personas datus m\u0113s iev\u0101cam par person\u0101m un k\u0101diem nol\u016bkiem, ko m\u0113s dar\u0101m ar \u0161iem datiem un k\u0101 m\u0113s tos apstr\u0101d\u0101jam. Piek\u013c\u016bstot vai lietojot m\u016bsu t\u012bmek\u013ca vietni, j\u016bs piekr\u012btat Priv\u0101tuma politik\u0101 un S\u012bkdat\u0146u politik\u0101 izkl\u0101st\u012btajiem noteikumiem. Ja j\u016bs nepiekr\u012btat Priv\u0101tuma politikai, jums ir j\u0101pamet \u0161\u012b t\u012bmek\u013ca vietne un j\u0101p\u0101rtrauc izmantot m\u016bsu sniegtie pakalpojumi.<\/p>\n\n\n\n<h2 class=\"wp-block-heading\"><strong>Ievads<\/strong><\/h2>\n\n\n\n<p>Priv\u0101tuma politika regul\u0113 web lapa t\u012bmek\u013ca vietnes apmekl\u0113t\u0101ju, pakalpojumu sa\u0146\u0113m\u0113ju, k\u0101 ar\u012b potenci\u0101lo pakalpojumu sa\u0146\u0113m\u0113ju personas datu apstr\u0101di.<\/p>\n\n\n\n<p>SIA \u201cZemgales b\u016bvserviss\u201d apstr\u0101d\u0101 personas datus saska\u0146\u0101 ar Eiropas Parlamenta un Padomes Regulu (ES) 2016\/679 (2016. gada 27. apr\u012blis) par fizisku personu aizsardz\u012bbu attiec\u012bb\u0101 uz personas datu apstr\u0101di un \u0161\u0101du datu br\u012bvu apriti un ar ko atce\u013c Direkt\u012bvu 95\/46\/EK (<strong>\u201cVisp\u0101r\u012bg\u0101 datu aizsardz\u012bbas regula\u201d<\/strong>), k\u0101 ar\u012b iev\u0113rojot citus normat\u012bvos ties\u012bbu aktus personas datu aizsardz\u012bbas jom\u0101.<\/p>\n\n\n\n<p>Priv\u0101tuma politik\u0101 ar j\u0113dzienu SIA \u201cZemgales b\u016bvserviss\u201d tiek apz\u012bm\u0113ta Latvijas Republik\u0101 re\u0123istr\u0113ta Sabiedr\u012bba ar ierobe\u017eotu atbild\u012bbu <strong>\u201cZemgales B\u016bvserviss\u201d, re\u0123istr\u0101cijas Nr. 43603022679 , juridisk\u0101 adrese: M\u0101tera iela 23\/25-68, Jelgava, LV-3001<\/strong><\/p>\n\n\n\n<p>Priv\u0101tuma politik\u0101 lietotajiem j\u0113dzieniem \u201cPersonas dati\u201d, \u201cDatu subjekts\u201d, \u201cApstr\u0101de\u201d, \u201cP\u0101rzinis\u201d un \u201cUzraudz\u012bbas iest\u0101de\u201d ir t\u0101da pati noz\u012bme, k\u0101 nor\u0101d\u012bts Visp\u0101r\u012bgaj\u0101 datu aizsardz\u012bbas regul\u0101.<\/p>\n\n\n\n<h2 class=\"wp-block-heading\"><strong>K\u0101dus personas datus m\u0113s apstr\u0101d\u0101jam?<\/strong><\/h2>\n\n\n\n<p>Komercdarb\u012bbas \u012bsteno\u0161anas ietvaros SIA \u201cZemgales b\u016bvserviss\u201d sa\u0146em da\u017e\u0101da veida inform\u0101ciju no potenci\u0101lajiem un eso\u0161ajiem klientiem, t\u012bmek\u013ca vietnes apmekl\u0113t\u0101jiem un cit\u0101m person\u0101m, kuras ar mums komunic\u0113. Da\u013ca no \u0161\u012bs inform\u0101cijas ir personas dati, attiec\u012bb\u0101 uz kuriem SIA \u201cZemgales b\u016bvserviss\u201d ir P\u0101rzinis.<\/p>\n\n\n\n<h2 class=\"wp-block-heading\"><strong>Personas dati, kuri tiek sniegti SIA \u201cZemgales b\u016bvserviss\u201d<\/strong><\/h2>\n\n\n\n<p><strong class=\"privacy-policy-tutorial\">M\u016bsu eso\u0161ie un potenci\u0101lie klienti sniedz mums \u0161\u0101dus personas datus:<\/strong><\/p>\n\n\n\n<p class=\"has-text-align-left\">&#8211; v\u0101rds, uzv\u0101rds;<\/p>\n\n\n\n<p>-e-pasta adrese;<\/p>\n\n\n\n<p>-t\u0101lru\u0146a numurs;<\/p>\n\n\n\n<p>-maks\u0101juma inform\u0101cija;<\/p>\n\n\n\n<p>-soci\u0101lo t\u012bklu konta inform\u0101cija (ja j\u016bs re\u0123istr\u0113jaties m\u016bsu t\u012bmek\u013cvietn\u0113 ar savu soci\u0101l\u0101 t\u012bkla kontu un \/ vai izv\u0113laties pievienoties sl\u0113gtajai grupai vietn\u0113 Facebook);<\/p>\n\n\n\n<p>-jebk\u0101di cita veida personas dati, kuri var b\u016bt iek\u013cauti satur\u0101, kuru j\u016bs nododat mums, piem\u0113ram, izv\u0113l\u0113taj\u0101 lietot\u0101ja konta parol\u0113, e-pasta zi\u0146ojum\u0101 un citur.<\/p>\n\n\n\n<p>\u0160ie dati ir nepiecie\u0161ami, lai SIA \u201cZemgales b\u016bvserviss\u201d var\u0113tu ar jums nosl\u0113gt l\u012bgumus, to izpild\u012bt, k\u0101 ar\u012b lai komunic\u0113tu ar jums.<\/p>\n\n\n\n<p>Kad j\u016bs piesak\u0101ties jaunumu sa\u0146em\u0161anai par SIA \u201cZemgales b\u016bvserviss\u201d pakalpojumiem, izmantojot t\u012bmek\u013ca vietn\u0113 pieejamo formu, j\u016bs sniedzat mums inform\u0101ciju par savu e-pasta adresi. \u0160ie dati ir nepiecie\u0161ami, lai SIA \u201cZemgales b\u016bvserviss\u201d var\u0113tu ar jums komunic\u0113t.<\/p>\n\n\n\n<p>Kad j\u016bs komunic\u0113jat ar mums, izmantojot t\u012bmek\u013ca vietn\u0113 pieejamo kontaktinform\u0101ciju, j\u016bs sniedzat mums inform\u0101ciju par savu e-pasta adresi un \/ vai t\u0101lru\u0146a numuru un \/ vai savu dz\u012bvesvietas vai korespondences adresi, k\u0101 ar\u012b jebk\u0101du citu inform\u0101ciju, kuru j\u016bs mums izv\u0113laties atkl\u0101t. \u0160ie dati ir nepiecie\u0161ami, lai SIA \u201cZemgales b\u016bvserviss\u201d var\u0113tu ar jums komunic\u0113t un atbild\u0113t uz j\u016bsu jaut\u0101jumiem, l\u016bgumiem, s\u016bdz\u012bb\u0101m u.tml.<\/p>\n\n\n\n<h2 class=\"wp-block-heading\"><strong>Personas dati, kas tiek iev\u0101kti autom\u0101tiski<\/strong><\/h2>\n\n\n\n<p>Kad j\u016bs apmekl\u0113jat https:\/\/zemgalesbuvserviss.lv\/ vietni, m\u0113s autom\u0101tiski apkopojam un apstr\u0101d\u0101jam \u0161\u0101du inform\u0101ciju, kas var satur\u0113t j\u016bsu personas datus: j\u016bsu ier\u012bce un p\u0101rl\u016bks, lapas, kur\u0101m j\u016bs piek\u013c\u016bstat, ier\u012bces identifikatori, j\u016bsu izmantot\u0101 oper\u0113t\u0101jsist\u0113ma, j\u016bsu atra\u0161an\u0101s vieta, mobil\u0101 t\u012bkla inform\u0101cija, standarta t\u012bmek\u013ca \u017eurn\u0101la dati, k\u0101 ar\u012b cita inform\u0101cija, kas sav\u0101kta no s\u012bkdatn\u0113m un l\u012bdz\u012bg\u0101kam tehnolo\u0123ij\u0101m, kuras m\u0113s izmantojam m\u016bsu vietn\u0113. Uzziniet vair\u0101k par to, k\u0101 m\u0113s izmantojam s\u012bkdatnes m\u016bsu vietn\u0113, izlasot m\u016bsu s\u012bkdat\u0146u politiku.<\/p>\n\n\n\n<h2 class=\"wp-block-heading\"><strong>Datu apstr\u0101des nol\u016bki un juridiskais pamats<\/strong><\/h2>\n\n\n\n<p>SIA \u201cZemgales b\u016bvserviss\u201d apstr\u0101d\u0101 j\u016bsu personas datus, lai pied\u0101v\u0101tu un sniegtu jums pakalpojumus, uzlabotu sniegtos pakalpojumus, atrisin\u0101tu visas iesp\u0113jam\u0101s ar pakalpojumu saist\u012bt\u0101s probl\u0113mas un nodro\u0161in\u0101tu j\u016bs ar vislab\u0101ko iesp\u0113jamo pieredzi k\u0101 klientam.<\/p>\n\n\n\n<p>SIA \u201cZemgales b\u016bvserviss\u201d &nbsp;v\u0101c un apstr\u0101d\u0101 j\u016bsu personas datus tostarp, bet ne tikai, \u0161\u0101diem nol\u016bkiem:<\/p>\n\n\n\n<p>-l\u012bgumu nosl\u0113g\u0161anai un izpildei;<\/p>\n\n\n\n<p>-j\u016bsu lietot\u0101ja konta izveidei m\u016bsu t\u012bmek\u013ca vietn\u0113;<\/p>\n\n\n\n<p>-pakalpojumu snieg\u0161anai;<\/p>\n\n\n\n<p>-sertifik\u0101ta izsnieg\u0161anai;<\/p>\n\n\n\n<p>-komunik\u0101cijai ar jums par m\u016bsu pakalpojumiem un citiem jaut\u0101jumiem;<\/p>\n\n\n\n<p>-m\u016bsu t\u012bmek\u013ca vietnes un pakalpojumu izmanto\u0161anas anal\u012bzei, lai m\u0113s var\u0113tu veikt uzlabojumus;<\/p>\n\n\n\n<p>-inform\u0113\u0161anai par m\u016bsu pakalpojumiem;<\/p>\n\n\n\n<p>-m\u016bsu likum\u012bgo intere\u0161u aizsardz\u012bbai un t\u0101du juridisku iemeslu d\u0113\u013c k\u0101, piem\u0113ram, l\u012bgumu izpilde, piem\u0113rojamo normat\u012bvo ties\u012bbu aktu iev\u0113ro\u0161ana un sadarb\u012bba ar ties\u012bbu aizsardz\u012bbas iest\u0101d\u0113m.<\/p>\n\n\n\n<p>Pirms j\u016bsu personas datu izmanto\u0161anas m\u0113r\u0137im, kas nav ietverts \u0161aj\u0101 Priv\u0101tuma politik\u0101, m\u0113s l\u016bgsim j\u016bsu piekri\u0161anu.<\/p>\n\n\n\n<p>SIA \u201cZemgales b\u016bvserviss\u201d v\u0101c un apstr\u0101d\u0101 j\u016bsu personas datus tikai tad, kad tam ir likum\u012bgs pamats, kur\u0161 var at\u0161\u0137irties atkar\u012bb\u0101 no konkr\u0113t\u0101s datu kategorijas un apstr\u0101des nol\u016bkiem. \u0145emiet v\u0113r\u0101, ka m\u0113s, iesp\u0113jams, apstr\u0101d\u0101jam tos pa\u0161us Personas datus vair\u0101kos nol\u016bkos vienlaikus un attiec\u012bgi uz vair\u0101kiem juridiskiem pamatiem.<\/p>\n\n\n\n<p><strong>L\u012bgums<\/strong>. Juridiskais pamats liel\u0101kajai da\u013cai j\u016bsu personas datu apstr\u0101des ir l\u012bgumattiec\u012bbas starp jums un SIA \u201cZemgales b\u016bvserviss\u201d, \u0146emot v\u0113r\u0101, ka mums \u0161ie dati ir nepiecie\u0161ami, lai ar jums nosl\u0113gtu un izpild\u012btu l\u012bgumu.<\/p>\n\n\n\n<p><strong>Juridisks pien\u0101kums<\/strong>. Da\u017eos gad\u012bjumos SIA \u201cZemgales b\u016bvserviss\u201d apstr\u0101d\u0101 personas datus, pamatojoties uz juridiskiem pien\u0101kumiem, kurus mums uzliek piem\u0113rojamie normat\u012bvie ties\u012bbu akti, piem\u0113ram, nodok\u013cu jom\u0101, vai gad\u012bjumos, kad mums ir j\u0101rea\u0123\u0113 uz juridisku procesu.<\/p>\n\n\n\n<p><strong>Le\u0123it\u012bmas intereses<\/strong>. J\u016bsu personas datu apstr\u0101de ir nepiecie\u0161ama, lai \u012bstenotu SIA \u201cZemgales b\u016bvserviss\u201d likum\u012bg\u0101s intereses vai tre\u0161o personu likum\u012bg\u0101s intereses, iz\u0146emot gad\u012bjumus, kad j\u016bsu intereses vai pamatties\u012bbas un pamatbr\u012bv\u012bbas, kur\u0101m nepiecie\u0161ama personas datu aizsardz\u012bba, ir svar\u012bg\u0101kas par \u0161\u0101d\u0101m interes\u0113m. Piem\u0113ram, m\u0113s varam apstr\u0101d\u0101t j\u016bsu datus m\u0101rketinga nol\u016bkos, pamatojoties uz m\u016bsu likum\u012bgaj\u0101m interes\u0113m komercdarb\u012bbas att\u012bst\u012bb\u0101. Citas likum\u012bg\u0101s intereses ir nodarbo\u0161an\u0101s ar komercdarb\u012bbu, pakalpojumu p\u0101rvald\u012bba un snieg\u0161ana, potenci\u0101lo klientu inform\u0113\u0161ana par m\u016bsu pakalpojumiem, pakalpojumu reklam\u0113\u0161ana un att\u012bst\u012bba, dro\u0161\u012bbas un tehnisko probl\u0113mu atkl\u0101\u0161ana un nov\u0113r\u0161ana saist\u012bb\u0101 ar pakalpojumiem, tiesisko pras\u012bbu izpilde un citas.<\/p>\n\n\n\n<p><strong>Piekri\u0161ana. <\/strong>Da\u013ca no personas datiem m\u0113s apstr\u0101d\u0101jam, pamatojoties uz j\u016bsu piekri\u0161anu. Tie ir dati, kuri mums nav nepiecie\u0161ami l\u012bguma izpildei, ta\u010du j\u016bs varat br\u012bvpr\u0101t\u012bgi mums sniegt \u0161\u0101dus datus, lai sa\u0146emtu inform\u0101ciju par m\u016bsu pakalpojumiem uz savu e-pasta adresi (v\u0101rds, uzv\u0101rds, epasta adrese, t\u0101lru\u0146a numurs). \u0145emiet v\u0113r\u0101, ka jums ir ties\u012bbas jebkur\u0101 laik\u0101 izdz\u0113st \u0161o inform\u0101ciju un atsaukt piekri\u0161anu.<\/p>\n\n\n\n<h2 class=\"wp-block-heading\"><strong>Glab\u0101\u0161anas laiks<\/strong><\/h2>\n\n\n\n<p>SIA \u201cZemgales b\u016bvserviss\u201d<strong> <\/strong>glab\u0101 personas datus l\u012bdz tiek izpild\u012bts nol\u016bks, kura d\u0113\u013c dati tika sav\u0101kti. Piem\u0113ram, m\u0113s glab\u0101jam klientu datus tik ilgi, kam\u0113r starp mums past\u0101v l\u012bgumattiec\u012bbas.<\/p>\n\n\n\n<p>P\u0113c tam, kad j\u016bs p\u0101rtraucat attiec\u012bbas ar mums, pabeidzot apm\u0101c\u012bbas vai k\u0101 cit\u0101di izbeidzot l\u012bgumu ar mums, m\u0113s varam turpin\u0101t glab\u0101t noteiktus datus, cik tas ir pamatoti nepiecie\u0161ams, lai izpild\u012btu m\u016bsu juridisk\u0101s saist\u012bbas, risin\u0101tu str\u012bdus, ja t\u0101di ir, lai izpild\u012btu m\u016bsu vieno\u0161an\u0101s un \/ vai aizsarg\u0101tu m\u016bsu le\u0123it\u012bm\u0101s intereses.<\/p>\n\n\n\n<h2 class=\"wp-block-heading\"><strong>Personas datu nodo\u0161ana tre\u0161aj\u0101m person\u0101m<\/strong><\/h2>\n\n\n\n<p>Lai SIA \u201cZemgales b\u016bvserviss\u201d var\u0113tu nodro\u0161in\u0101t jums pakalpojumu sa\u0146em\u0161anu, m\u0113s sadarbojamies ar tre\u0161ajam person\u0101m, kas sniedz mums da\u017e\u0101dus komercdarb\u012bbas \u012bsteno\u0161anai nepiecie\u0161amus pakalpojumus (\u201cTre\u0161\u0101s personas-pakalpojumu sniedz\u0113ji\u201d). L\u012bdz ar to m\u0113s nododam j\u016bsu personas datus Tre\u0161aj\u0101m person\u0101m-pakalpojumu sniedz\u0113jiem, piem\u0113ram, serveru pakalpojumu sniedz\u0113jiem, e-pasta komunik\u0101cijas pakalpojumu sniedz\u0113jiem, maks\u0101jumu apstr\u0101des pakalpojumu sniedz\u0113jiem, juridisko pakalpojumu sniedz\u0113jiem.<\/p>\n\n\n\n<p>Tre\u0161\u0101s personas-pakalpojumu sniedz\u0113ji sa\u0146em stingri ierobe\u017eotu personas datu apjomu, kas nepiecie\u0161ams vi\u0146u pakalpojumu snieg\u0161anai. SIA \u201cZemgales b\u016bvserviss\u201d nodod personas datus tikai t\u0101d\u0101m Tre\u0161aj\u0101m person\u0101m-pakalpojumu sniedz\u0113jiem, kas sp\u0113j nodro\u0161in\u0101t, ka tiek iev\u0113rotas visas personas datu apstr\u0101des pras\u012bbas atbilsto\u0161i Visp\u0101r\u012bgajai datu aizsardz\u012bbas regulai un citiem piem\u0113rojamiem normat\u012bvajiem ties\u012bbu aktiem.<\/p>\n\n\n\n<p>Noteiktos gad\u012bjumos mums var rasties juridisks pien\u0101kums nodot j\u016bsu personas datu valsts vai pa\u0161vald\u012bbu iest\u0101d\u0113m vai cit\u0101m tre\u0161aj\u0101m person\u0101m.<\/p>\n\n\n\n<p>SIA \u201cZemgales b\u016bvserviss\u201d<strong> <\/strong>var nodot j\u016bsu personas datus tre\u0161aj\u0101m person\u0101m, kad tas ir m\u016bsu le\u0123it\u012bmaj\u0101s interes\u0113s, piem\u0113ram, apvieno\u0161an\u0101s, akt\u012bvu atsavin\u0101\u0161anas, uz\u0146\u0113mum p\u0101rejas un citos pakalpojumu snieg\u0161anas restrukturiz\u0101cijas gad\u012bjumos.<\/p>\n\n\n\n<p>SIA \u201cZemgales b\u016bvserviss\u201d apstr\u0101d\u0101tie personas dati var tikt nodoti Tre\u0161aj\u0101m person\u0101mpakalpojumu sniedz\u0113jiem un cit\u0101m person\u0101m, kas atrodas \u0101rpus Eiropas Ekonomisk\u0101s Zonas (<strong>\u201cEEZ\u201d<\/strong>). SIA \u201cZemgales b\u016bvserviss\u201d apliecina, ka personas datus nodod tikai t\u0101d\u0101m Tre\u0161aj\u0101m person\u0101mpakalpojumu sniedz\u0113jiem un cit\u0101m person\u0101m \u0101rpus EEZ, kas atrodas teritorij\u0101s, kuras Eiropas Komisija atzinusi par t\u0101d\u0101m, kas nodro\u0161ina atbilsto\u0161u personas datu aizsardz\u012bbas l\u012bmeni vai k\u0101 cit\u0101di ir sp\u0113j\u012bgas nodro\u0161in\u0101t piem\u0113rotus aizsardz\u012bbas l\u012bdzek\u013cus, k\u0101 ar\u012b to, ka datu subjektiem ir pieejami efekt\u012bvi ties\u012bbu aizsardz\u012bbas l\u012bdzek\u013ci.<\/p>\n\n\n\n<h2 class=\"wp-block-heading\"><strong>Datu subjekta ties\u012bbas<\/strong><\/h2>\n\n\n\n<p>Person\u0101m, kas atrodas noteikt\u0101s valst\u012bs, tostarp EEZ, normat\u012bvajos ties\u012bbu aktos ir paredz\u0113tas noteiktas ties\u012bbas saist\u012bb\u0101 ar vi\u0146u personas datiem. Iev\u0113rojot visus normat\u012bvajos ties\u012bbu aktos paredz\u0113tos iz\u0146\u0113mumus, jums var b\u016bt ties\u012bbas piepras\u012bt piek\u013cuvi saviem personas datiem, lai tos atjaunin\u0101tu, dz\u0113stu vai labotu, ierobe\u017eot vai iebilst pret j\u016bsu datu apstr\u0101di, k\u0101 ar\u012b ties\u012bbas uz personas datu p\u0101rnesam\u012bbu.<\/p>\n\n\n\n<p>J\u016bs varat izmantot \u0161\u012bs ties\u012bbas, sazinoties ar SIA \u201cZemgales b\u016bvserviss\u201d, izmantojot turpm\u0101k Priv\u0101tuma politik\u0101 nor\u0101d\u012bto kontaktinform\u0101ciju.<\/p>\n\n\n\n<p>Ja j\u016bs uzskat\u0101t, ka m\u0113s esam nelikum\u012bgi apstr\u0101d\u0101ju\u0161i j\u016bsu personas datus, jums ir ties\u012bbas iesniegt mums s\u016bdz\u012bbu, izmantojot turpm\u0101k Priv\u0101tuma politik\u0101 nor\u0101d\u012bto kontaktinform\u0101ciju, vai iesniegt s\u016bdz\u012bbu personas datu aizsardz\u012bbu uzraugo\u0161ajai iest\u0101dei j\u016bsu valst\u012b.<\/p>\n\n\n\n<h2 class=\"wp-block-heading\"><strong>Personas datu dro\u0161\u012bba<\/strong><\/h2>\n\n\n\n<p>\u0145emot v\u0113r\u0101 iesp\u0113jamos riskus un datu apstr\u0101des veidu, SIA \u201cZemgales b\u016bvserviss\u201d izmanto sapr\u0101t\u012bgus un piem\u0113rotus organizatoriskos, tehniskos un administrat\u012bvos pas\u0101kumus, lai aizsarg\u0101tu personas datu konfidencialit\u0101ti, integrit\u0101ti un pieejam\u012bbu.<\/p>\n\n\n\n<p>Diem\u017e\u0113l nevienai datu p\u0101rraides vai glab\u0101\u0161anas sist\u0113mai nav garant\u0113ta 100% dro\u0161\u012bba, l\u012bdz ar to m\u0113s nevaram garant\u0113t piln\u012bgu datu dro\u0161\u012bbu. T\u0101d\u0113\u013c m\u0113s aicin\u0101m j\u016bs r\u016bp\u0113ties par saviem personas datiem, iestat\u012bt dro\u0161u paroli savam SIA \u201cZemgales b\u016bvserviss\u201d<strong> <\/strong>kontam, ierobe\u017eot piek\u013cuvi ier\u012bcei un p\u0101rl\u016bkprogrammai, izrakstoties p\u0113c sesijas beig\u0101m, k\u0101 ar\u012b p\u0113c iesp\u0113jas izvair\u012bties no jebk\u0101da veida sensit\u012bvu datu snieg\u0161anas SIA \u201cZemgales b\u016bvserviss\u201d, kuru izpau\u0161ana var\u0113tu rad\u012bt b\u016btisku kait\u0113jumu datu subjektam.<\/p>\n\n\n\n<p>Viss SIA \u201cZemgales b\u016bvserviss\u201d person\u0101ls, kas iesaist\u012bts mums sniegto personas datu apstr\u0101d\u0113, ir ap\u0146\u0113mies iev\u0113rot konfidencialit\u0101tes pien\u0101kumus un nedr\u012bkst piek\u013c\u016bt personas datiem bez at\u013caujas vai ja tas nav nepiecie\u0161ams nol\u016bkiem, k\u0101diem \u0161ie dati tika sav\u0101kti.<\/p>\n\n\n\n<p>Personas datu aizsardz\u012bbas p\u0101rk\u0101puma gad\u012bjum\u0101 m\u0113s jums pazi\u0146osim par to atbilsto\u0161i piem\u0113rojamajos normat\u012bvajos ties\u012bbu aktos noteiktajiem pien\u0101kumiem un sniegsim sapr\u0101t\u012bgu pal\u012bdz\u012bbu saist\u012bb\u0101 ar personas datu aizsardz\u012bbas p\u0101rk\u0101puma izmekl\u0113\u0161anu un zi\u0146o\u0161anu uzraudz\u012bbas iest\u0101d\u0113m.<\/p>\n\n\n\n<h2 class=\"wp-block-heading\"><strong>Izmai\u0146as priv\u0101tuma politik\u0101<\/strong><\/h2>\n\n\n\n<p>SIA \u201cZemgales b\u016bvserviss\u201d var groz\u012bt Priv\u0101tuma politiku, piem\u0113ram, ievie\u0161ot jaunus pakalpojumus. Priv\u0101tuma politikas groz\u012bjumi st\u0101jas sp\u0113k\u0101 un ir piem\u0113rojami no br\u012b\u017ea, kad tie ir public\u0113ti m\u016bsu t\u012bmek\u013ca vietn\u0113.<\/p>\n\n\n\n<p>L\u012bdz ar to m\u0113s iesak\u0101m jums laiku pa laikam apmekl\u0113t SIA \u201cZemgales b\u016bvserviss\u201d t\u012bmek\u013ca vietni. Turpinot izmantot m\u016bsu pakalpojumus, t\u012bmek\u013ca vietni vai k\u0101 cit\u0101di sniedzot mums personas datus p\u0113c Priv\u0101tuma politikas groz\u012bjumiem, j\u016bs piekr\u012btat jaunajai Priv\u0101tuma politikas redakcijai.<\/p>\n\n\n\n<h2 class=\"wp-block-heading\"><strong>Piem\u0113rojam\u0101s ties\u012bbas<\/strong><\/h2>\n\n\n\n<p>Priv\u0101tuma politikai piem\u0113rojami Latvijas Republikas normat\u012bvie akti. Jebkur\u0161 process saist\u012bb\u0101 ar Priv\u0101tuma politiku tiks risin\u0101ts Latvijas Republikas ties\u0101s.<\/p>\n\n\n\n<h2 class=\"wp-block-heading\"><strong>Kontaktinform\u0101cija<\/strong><\/h2>\n\n\n\n<p>Ja jums ir k\u0101di jaut\u0101jumi par Priv\u0101tuma politiku un j\u016bsu datu apstr\u0101di vai j\u016bs v\u0113laties izmantot savas datu subjekta ties\u012bbas, l\u016bdzu sazinieties ar mums, rakstot uz e-pasta adresi <strong>info@zemgalesbuvserviss.lv<\/strong>, vai izmantojot \u0161\u0101du kontaktinform\u0101ciju:<\/p>\n\n\n\n<p><strong>Sabiedr\u012bba ar ierobe\u017eotu atbild\u012bbu <\/strong>\u201cZemgales b\u016bvserviss\u201d<\/p>\n\n\n\n<p>Juridisk\u0101 adrese: B\u0101ra ce\u013c\u0161 10A, Jelgava, LV-3003<\/p>\n\n\n\n<p>Biroja adrese: B\u0101ra ce\u013c\u0161 10A, Jelgava, LV-3003<\/p>\n\n\n\n<p>Priv\u0101tuma politika ir sp\u0113k\u0101 no 2024. gada 26. febru\u0101ra.<\/p>\n","protected":false},"excerpt":{"rendered":"<p>\u0160aj\u0101 priv\u0101tuma politik\u0101 (\u201cPriv\u0101tuma politika\u201d) ir aprakst\u012bts, k\u0101 https:\/\/zemgalesbuvserviss.lv\/ (SIA \u201cZemgales b\u016bvserviss\u201d, \u201cm\u0113s\u201d) apstr\u0101d\u0101 personas datus saist\u012bb\u0101 ar t\u012bmek\u013ca vietnes izmanto\u0161anu un pakalpojumu snieg\u0161anu, k\u0101 ar\u012b taj\u0101 nor\u0101d\u012btas datu subjektiem pieejam\u0101s ties\u012bbas. SIA \u201cZemgales b\u016bvserviss\u201d k\u0101 p\u0101rzinis apstr\u0101d\u0101s sa\u0146emtos personas datus&#8230;<\/p>\n","protected":false},"author":1,"featured_media":0,"parent":0,"menu_order":0,"comment_status":"closed","ping_status":"open","template":"","meta":{"om_disable_all_campaigns":false,"_monsterinsights_skip_tracking":false,"_monsterinsights_sitenote_active":false,"_monsterinsights_sitenote_note":"","_monsterinsights_sitenote_category":0,"footnotes":""},"aioseo_notices":[],"_links":{"self":[{"href":"https:\/\/zemgalesbuvserviss.lv\/index.php\/wp-json\/wp\/v2\/pages\/3"}],"collection":[{"href":"https:\/\/zemgalesbuvserviss.lv\/index.php\/wp-json\/wp\/v2\/pages"}],"about":[{"href":"https:\/\/zemgalesbuvserviss.lv\/index.php\/wp-json\/wp\/v2\/types\/page"}],"author":[{"embeddable":true,"href":"https:\/\/zemgalesbuvserviss.lv\/index.php\/wp-json\/wp\/v2\/users\/1"}],"replies":[{"embeddable":true,"href":"https:\/\/zemgalesbuvserviss.lv\/index.php\/wp-json\/wp\/v2\/comments?post=3"}],"version-history":[{"count":4,"href":"https:\/\/zemgalesbuvserviss.lv\/index.php\/wp-json\/wp\/v2\/pages\/3\/revisions"}],"predecessor-version":[{"id":17120,"href":"https:\/\/zemgalesbuvserviss.lv\/index.php\/wp-json\/wp\/v2\/pages\/3\/revisions\/17120"}],"wp:attachment":[{"href":"https:\/\/zemgalesbuvserviss.lv\/index.php\/wp-json\/wp\/v2\/media?parent=3"}],"curies":[{"name":"wp","href":"https:\/\/api.w.org\/{rel}","templated":true}]}}